{"id":1450,"date":"2023-04-05T14:31:23","date_gmt":"2023-04-05T14:31:23","guid":{"rendered":"https:\/\/hipnoterapija-ceh.si\/?page_id=1450"},"modified":"2023-05-16T19:42:42","modified_gmt":"2023-05-16T19:42:42","slug":"hipnoterapija","status":"publish","type":"page","link":"https:\/\/hipnoterapija-ceh.si\/de\/hipnoterapija\/","title":{"rendered":"Hypnotherapie"},"content":{"rendered":"<div data-elementor-type=\"wp-page\" data-elementor-id=\"1450\" class=\"elementor elementor-1450\">\n\t\t\t\t\t\t\t\t\t<section class=\"elementor-section elementor-top-section elementor-element elementor-element-7dca056 elementor-section-height-min-height elementor-section-boxed elementor-section-height-default elementor-section-items-middle\" data-id=\"7dca056\" data-element_type=\"section\" data-settings=\"{&quot;background_background&quot;:&quot;classic&quot;,&quot;jet_parallax_layout_list&quot;:[]}\">\n\t\t\t\t\t\t<div class=\"elementor-container elementor-column-gap-no\">\n\t\t\t\t\t<div class=\"elementor-column elementor-col-100 elementor-top-column elementor-element elementor-element-3d6b208\" data-id=\"3d6b208\" data-element_type=\"column\">\n\t\t\t<div class=\"elementor-widget-wrap elementor-element-populated\">\n\t\t\t\t\t\t\t\t<div class=\"elementor-element elementor-element-66e834c elementor-widget elementor-widget-heading\" data-id=\"66e834c\" data-element_type=\"widget\" data-widget_type=\"heading.default\">\n\t\t\t\t<div class=\"elementor-widget-container\">\n\t\t\t<style>\/*! elementor - v3.17.0 - 25-10-2023 *\/\n.elementor-heading-title{padding:0;margin:0;line-height:1}.elementor-widget-heading .elementor-heading-title[class*=elementor-size-]>a{color:inherit;font-size:inherit;line-height:inherit}.elementor-widget-heading .elementor-heading-title.elementor-size-small{font-size:15px}.elementor-widget-heading .elementor-heading-title.elementor-size-medium{font-size:19px}.elementor-widget-heading .elementor-heading-title.elementor-size-large{font-size:29px}.elementor-widget-heading .elementor-heading-title.elementor-size-xl{font-size:39px}.elementor-widget-heading .elementor-heading-title.elementor-size-xxl{font-size:59px}<\/style><h2 class=\"elementor-heading-title elementor-size-default\">WAS IST HYPNOTHERAPIE?<\/h2>\t\t<\/div>\n\t\t\t\t<\/div>\n\t\t\t\t<div class=\"elementor-element elementor-element-d0ecb80 elementor-widget-divider--view-line elementor-widget elementor-widget-divider\" data-id=\"d0ecb80\" data-element_type=\"widget\" data-widget_type=\"divider.default\">\n\t\t\t\t<div class=\"elementor-widget-container\">\n\t\t\t<style>\/*! elementor - v3.17.0 - 25-10-2023 *\/\n.elementor-widget-divider{--divider-border-style:none;--divider-border-width:1px;--divider-color:#0c0d0e;--divider-icon-size:20px;--divider-element-spacing:10px;--divider-pattern-height:24px;--divider-pattern-size:20px;--divider-pattern-url:none;--divider-pattern-repeat:repeat-x}.elementor-widget-divider .elementor-divider{display:flex}.elementor-widget-divider .elementor-divider__text{font-size:15px;line-height:1;max-width:95%}.elementor-widget-divider .elementor-divider__element{margin:0 var(--divider-element-spacing);flex-shrink:0}.elementor-widget-divider .elementor-icon{font-size:var(--divider-icon-size)}.elementor-widget-divider .elementor-divider-separator{display:flex;margin:0;direction:ltr}.elementor-widget-divider--view-line_icon .elementor-divider-separator,.elementor-widget-divider--view-line_text .elementor-divider-separator{align-items:center}.elementor-widget-divider--view-line_icon .elementor-divider-separator:after,.elementor-widget-divider--view-line_icon .elementor-divider-separator:before,.elementor-widget-divider--view-line_text .elementor-divider-separator:after,.elementor-widget-divider--view-line_text .elementor-divider-separator:before{display:block;content:\"\";border-bottom:0;flex-grow:1;border-top:var(--divider-border-width) var(--divider-border-style) var(--divider-color)}.elementor-widget-divider--element-align-left .elementor-divider .elementor-divider-separator>.elementor-divider__svg:first-of-type{flex-grow:0;flex-shrink:100}.elementor-widget-divider--element-align-left .elementor-divider-separator:before{content:none}.elementor-widget-divider--element-align-left .elementor-divider__element{margin-left:0}.elementor-widget-divider--element-align-right .elementor-divider .elementor-divider-separator>.elementor-divider__svg:last-of-type{flex-grow:0;flex-shrink:100}.elementor-widget-divider--element-align-right .elementor-divider-separator:after{content:none}.elementor-widget-divider--element-align-right .elementor-divider__element{margin-right:0}.elementor-widget-divider:not(.elementor-widget-divider--view-line_text):not(.elementor-widget-divider--view-line_icon) .elementor-divider-separator{border-top:var(--divider-border-width) var(--divider-border-style) var(--divider-color)}.elementor-widget-divider--separator-type-pattern{--divider-border-style:none}.elementor-widget-divider--separator-type-pattern.elementor-widget-divider--view-line .elementor-divider-separator,.elementor-widget-divider--separator-type-pattern:not(.elementor-widget-divider--view-line) .elementor-divider-separator:after,.elementor-widget-divider--separator-type-pattern:not(.elementor-widget-divider--view-line) .elementor-divider-separator:before,.elementor-widget-divider--separator-type-pattern:not([class*=elementor-widget-divider--view]) .elementor-divider-separator{width:100%;min-height:var(--divider-pattern-height);-webkit-mask-size:var(--divider-pattern-size) 100%;mask-size:var(--divider-pattern-size) 100%;-webkit-mask-repeat:var(--divider-pattern-repeat);mask-repeat:var(--divider-pattern-repeat);background-color:var(--divider-color);-webkit-mask-image:var(--divider-pattern-url);mask-image:var(--divider-pattern-url)}.elementor-widget-divider--no-spacing{--divider-pattern-size:auto}.elementor-widget-divider--bg-round{--divider-pattern-repeat:round}.rtl .elementor-widget-divider .elementor-divider__text{direction:rtl}.e-con-inner>.elementor-widget-divider,.e-con>.elementor-widget-divider{width:var(--container-widget-width,100%);--flex-grow:var(--container-widget-flex-grow)}<\/style>\t\t<div class=\"elementor-divider\">\n\t\t\t<span class=\"elementor-divider-separator\">\n\t\t\t\t\t\t<\/span>\n\t\t<\/div>\n\t\t\t\t<\/div>\n\t\t\t\t<\/div>\n\t\t\t\t\t<\/div>\n\t\t<\/div>\n\t\t\t\t\t\t\t<\/div>\n\t\t<\/section>\n\t\t\t\t<section class=\"elementor-section elementor-top-section elementor-element elementor-element-4130c40 elementor-section-boxed elementor-section-height-default elementor-section-height-default\" data-id=\"4130c40\" data-element_type=\"section\" data-settings=\"{&quot;background_background&quot;:&quot;classic&quot;,&quot;jet_parallax_layout_list&quot;:[]}\">\n\t\t\t\t\t\t<div class=\"elementor-container elementor-column-gap-no\">\n\t\t\t\t\t<div class=\"elementor-column elementor-col-50 elementor-top-column elementor-element elementor-element-04080f3\" data-id=\"04080f3\" data-element_type=\"column\">\n\t\t\t<div class=\"elementor-widget-wrap elementor-element-populated\">\n\t\t\t\t\t\t\t\t<div class=\"elementor-element elementor-element-6a7d347 elementor-widget elementor-widget-image\" data-id=\"6a7d347\" data-element_type=\"widget\" data-widget_type=\"image.default\">\n\t\t\t\t<div class=\"elementor-widget-container\">\n\t\t\t<style>\/*! elementor - v3.17.0 - 25-10-2023 *\/\n.elementor-widget-image{text-align:center}.elementor-widget-image a{display:inline-block}.elementor-widget-image a img[src$=\".svg\"]{width:48px}.elementor-widget-image img{vertical-align:middle;display:inline-block}<\/style>\t\t\t\t\t\t\t\t\t\t\t\t<img decoding=\"async\" width=\"976\" height=\"549\" src=\"https:\/\/hipnoterapija-ceh.si\/wp-content\/uploads\/2023\/04\/slikahipnoza.jpg\" class=\"attachment-large size-large wp-image-1455\" alt=\"Hipnoterapija \u010ceh\" srcset=\"https:\/\/hipnoterapija-ceh.si\/wp-content\/uploads\/2023\/04\/slikahipnoza.jpg 976w, https:\/\/hipnoterapija-ceh.si\/wp-content\/uploads\/2023\/04\/slikahipnoza-300x169.jpg 300w, https:\/\/hipnoterapija-ceh.si\/wp-content\/uploads\/2023\/04\/slikahipnoza-768x432.jpg 768w\" sizes=\"(max-width: 976px) 100vw, 976px\" \/>\t\t\t\t\t\t\t\t\t\t\t\t\t\t\t<\/div>\n\t\t\t\t<\/div>\n\t\t\t\t\t<\/div>\n\t\t<\/div>\n\t\t\t\t<div class=\"elementor-column elementor-col-50 elementor-top-column elementor-element elementor-element-533762c\" data-id=\"533762c\" data-element_type=\"column\">\n\t\t\t<div class=\"elementor-widget-wrap elementor-element-populated\">\n\t\t\t\t\t\t\t\t<div class=\"elementor-element elementor-element-2cc75c2 elementor-widget-divider--view-line elementor-widget elementor-widget-divider\" data-id=\"2cc75c2\" data-element_type=\"widget\" data-widget_type=\"divider.default\">\n\t\t\t\t<div class=\"elementor-widget-container\">\n\t\t\t\t\t<div class=\"elementor-divider\">\n\t\t\t<span class=\"elementor-divider-separator\">\n\t\t\t\t\t\t<\/span>\n\t\t<\/div>\n\t\t\t\t<\/div>\n\t\t\t\t<\/div>\n\t\t\t\t<div class=\"elementor-element elementor-element-7ed1707 elementor-widget elementor-widget-text-editor\" data-id=\"7ed1707\" data-element_type=\"widget\" data-widget_type=\"text-editor.default\">\n\t\t\t\t<div class=\"elementor-widget-container\">\n\t\t\t<style>\/*! elementor - v3.17.0 - 25-10-2023 *\/\n.elementor-widget-text-editor.elementor-drop-cap-view-stacked .elementor-drop-cap{background-color:#69727d;color:#fff}.elementor-widget-text-editor.elementor-drop-cap-view-framed .elementor-drop-cap{color:#69727d;border:3px solid;background-color:transparent}.elementor-widget-text-editor:not(.elementor-drop-cap-view-default) .elementor-drop-cap{margin-top:8px}.elementor-widget-text-editor:not(.elementor-drop-cap-view-default) .elementor-drop-cap-letter{width:1em;height:1em}.elementor-widget-text-editor .elementor-drop-cap{float:left;text-align:center;line-height:1;font-size:50px}.elementor-widget-text-editor .elementor-drop-cap-letter{display:inline-block}<\/style>\t\t\t\t<p>Hypnotherapie ist eine wirksame Methode, die Ihnen helfen kann, verschiedene Probleme zu l\u00f6sen und Ihre Lebensqualit\u00e4t zu verbessern. Wenn Sie mit Angstzust\u00e4nden, Stress, schlechten Gewohnheiten oder anderen Problemen zu k\u00e4mpfen haben, ist Hypnosetherapie die richtige Wahl f\u00fcr Sie.<\/p><p>Hypnotherapie basiert auf der <strong>Kommunikation mit dem Unterbewusstsein,<\/strong> das eine wichtige Rolle in unserem Denken, Verhalten und F\u00fchlen spielt. Durch hypnotische Induktion f\u00fchre ich Sie in einen Zustand reduzierten Bewusstseins, der es Ihnen erm\u00f6glicht, auf das Unterbewusstsein zuzugreifen und mit ihm zu kommunizieren. Auf diese Weise kann ich Anregungen erarbeiten, die Sie zu positiven Verhaltens-, Gef\u00fchls- und Gedanken\u00e4nderungen anregen.<\/p>\t\t\t\t\t\t<\/div>\n\t\t\t\t<\/div>\n\t\t\t\t\t<\/div>\n\t\t<\/div>\n\t\t\t\t\t\t\t<\/div>\n\t\t<\/section>\n\t\t\t\t<section class=\"elementor-section elementor-top-section elementor-element elementor-element-0ca9724 elementor-section-boxed elementor-section-height-default elementor-section-height-default\" data-id=\"0ca9724\" data-element_type=\"section\" data-settings=\"{&quot;jet_parallax_layout_list&quot;:[]}\">\n\t\t\t\t\t\t<div class=\"elementor-container elementor-column-gap-default\">\n\t\t\t\t\t<div class=\"elementor-column elementor-col-100 elementor-top-column elementor-element elementor-element-4a51d96\" data-id=\"4a51d96\" data-element_type=\"column\">\n\t\t\t<div class=\"elementor-widget-wrap elementor-element-populated\">\n\t\t\t\t\t\t\t\t<div class=\"elementor-element elementor-element-1f2bb8e elementor-widget elementor-widget-heading\" data-id=\"1f2bb8e\" data-element_type=\"widget\" data-widget_type=\"heading.default\">\n\t\t\t\t<div class=\"elementor-widget-container\">\n\t\t\t<h4 class=\"elementor-heading-title elementor-size-default\">WAS IST HYPNOSE?<\/h4>\t\t<\/div>\n\t\t\t\t<\/div>\n\t\t\t\t\t<\/div>\n\t\t<\/div>\n\t\t\t\t\t\t\t<\/div>\n\t\t<\/section>\n\t\t\t\t<section class=\"elementor-section elementor-top-section elementor-element elementor-element-cd6f705 elementor-section-boxed elementor-section-height-default elementor-section-height-default\" data-id=\"cd6f705\" data-element_type=\"section\" data-settings=\"{&quot;jet_parallax_layout_list&quot;:[]}\">\n\t\t\t\t\t\t<div class=\"elementor-container elementor-column-gap-default\">\n\t\t\t\t\t<div class=\"elementor-column elementor-col-50 elementor-top-column elementor-element elementor-element-f94a53c\" data-id=\"f94a53c\" data-element_type=\"column\">\n\t\t\t<div class=\"elementor-widget-wrap elementor-element-populated\">\n\t\t\t\t\t\t\t\t<div class=\"elementor-element elementor-element-d68c1bc elementor-widget elementor-widget-text-editor\" data-id=\"d68c1bc\" data-element_type=\"widget\" data-widget_type=\"text-editor.default\">\n\t\t\t\t<div class=\"elementor-widget-container\">\n\t\t\t\t\t\t\t<p>Hypnose ist ein Zustand reduzierten Bewusstseins, in dem eine Person tiefe Entspannung und erh\u00f6hte Suggestibilit\u00e4t erf\u00e4hrt. W\u00e4hrend der Hypnose konzentriert sich die Person auf innere Erfahrungen, w\u00e4hrend \u00e4u\u00dfere Ablenkungen reduziert werden.<\/p><p>Hypnose kann f\u00fcr eine Vielzahl von Zwecken eingesetzt werden, z. B. zum Abbau von Stress, zur Linderung von Schmerzen, zur L\u00f6sung mentaler und emotionaler Probleme, zur Verbesserung der Konzentration und des Lernens und f\u00fcr viele andere.<\/p><p>Hypnose wird durch den Prozess der hypnotischen Induktion erreicht, bei dem es darum geht, Suggestionen zu lenken, die die Person in einen Zustand reduzierten Bewusstseins bringen. Sobald eine Person einen Zustand der Hypnose erreicht hat, kann ich als erfahrene Therapeutin eine Vielzahl von Techniken anwenden, um der Person zu helfen, Probleme zu l\u00f6sen und ihre Ziele zu erreichen.<\/p>\t\t\t\t\t\t<\/div>\n\t\t\t\t<\/div>\n\t\t\t\t\t<\/div>\n\t\t<\/div>\n\t\t\t\t<div class=\"elementor-column elementor-col-50 elementor-top-column elementor-element elementor-element-56e16ae\" data-id=\"56e16ae\" data-element_type=\"column\">\n\t\t\t<div class=\"elementor-widget-wrap elementor-element-populated\">\n\t\t\t\t\t\t\t\t<div class=\"elementor-element elementor-element-d8a2d47 elementor-widget elementor-widget-heading\" data-id=\"d8a2d47\" data-element_type=\"widget\" data-widget_type=\"heading.default\">\n\t\t\t\t<div class=\"elementor-widget-container\">\n\t\t\t<h6 class=\"elementor-heading-title elementor-size-default\">Hypnose ist eine wirksame und sichere Methode, die bei verschiedenen Problemen eingesetzt wird:<\/h6>\t\t<\/div>\n\t\t\t\t<\/div>\n\t\t\t\t<div class=\"elementor-element elementor-element-eee710d elementor-widget elementor-widget-text-editor\" data-id=\"eee710d\" data-element_type=\"widget\" data-widget_type=\"text-editor.default\">\n\t\t\t\t<div class=\"elementor-widget-container\">\n\t\t\t\t\t\t\t<ol><li>Reduzierung von Stress und Angst<\/li><li>Linderung k\u00f6rperlicher Schmerzen<\/li><li>\u00dcberwindung von Abh\u00e4ngigkeiten wie Rauchen, \u00fcberm\u00e4\u00dfiges Essen, Alkoholismus und\nDrogenabh\u00e4ngigkeit<\/li><li>Umgang mit Depressionen und anderen psychischen Problemen<\/li><li>Verbesserung des Schlafs und \u00dcberwindung von Schlaflosigkeit<\/li><li>Verbesserung des Selbstvertrauens und Selbstwertgef\u00fchls<\/li><li>Umgang mit Wutgef\u00fchlen und Wutausbr\u00fcchen<\/li><li>\u00dcberwindung von Phobien und \u00c4ngsten, wie Flugangst, Angst vor \u00f6ffentlichem Reden und anderen.<\/li><li>Verbesserung der sportlichen Leistung<\/li><li>Hilfe bei der \u00dcberwindung verschiedener psychosomatischer Erkrankungen, wie Migr\u00e4ne,\nSchwindel und Verdauungsst\u00f6rungen,\u2026<\/li><\/ol>\t\t\t\t\t\t<\/div>\n\t\t\t\t<\/div>\n\t\t\t\t\t<\/div>\n\t\t<\/div>\n\t\t\t\t\t\t\t<\/div>\n\t\t<\/section>\n\t\t\t\t\t\t\t<\/div>","protected":false},"excerpt":{"rendered":"<p>Kaj je hipnoterapija? Hipnoterapija je u\u010dinkovita metoda, ki vam lahko pomaga pri re\u0161evanju razli\u010dnih te\u017eav in izbolj\u0161anju kakovosti \u017eivljenja. \u010ce se spopadate s tesnobo, stresom, slabimi navadami ali drugimi te\u017eavami, je hipnoterapija prava izbira za vas. Hipnoterapija temelji na komunikaciji s podzavestnim umom, ki igra pomembno vlogo pri na\u0161em na\u010dinu razmi\u0161ljanja, vedenju in \u010dustvovanju. Skozi &hellip;<\/p>\n<p class=\"read-more\"> <a class=\"\" href=\"https:\/\/hipnoterapija-ceh.si\/de\/hipnoterapija\/\"> <span class=\"screen-reader-text\">Hypnotherapie<\/span> Weiterlesen &raquo;<\/a><\/p>","protected":false},"author":1,"featured_media":0,"parent":0,"menu_order":0,"comment_status":"closed","ping_status":"closed","template":"elementor_header_footer","meta":{"site-sidebar-layout":"no-sidebar","site-content-layout":"page-builder","ast-global-header-display":"","ast-main-header-display":"","ast-hfb-above-header-display":"","ast-hfb-below-header-display":"","ast-hfb-mobile-header-display":"","site-post-title":"disabled","ast-breadcrumbs-content":"disabled","ast-featured-img":"disabled","footer-sml-layout":"","theme-transparent-header-meta":"enabled","adv-header-id-meta":"","stick-header-meta":"","header-above-stick-meta":"","header-main-stick-meta":"","header-below-stick-meta":"","footnotes":""},"class_list":["post-1450","page","type-page","status-publish","hentry"],"yoast_head":"<!-- This site is optimized with the Yoast SEO plugin v21.4 - https:\/\/yoast.com\/wordpress\/plugins\/seo\/ -->\n<title>Hipnoterapija - Hipnoterapija \u010ceh<\/title>\n<meta name=\"robots\" content=\"index, follow, max-snippet:-1, max-image-preview:large, max-video-preview:-1\" \/>\n<link rel=\"canonical\" href=\"https:\/\/hipnoterapija-ceh.si\/de\/hipnoterapija\/\" \/>\n<meta property=\"og:locale\" content=\"de_DE\" \/>\n<meta property=\"og:type\" content=\"article\" \/>\n<meta property=\"og:title\" content=\"Hipnoterapija - Hipnoterapija \u010ceh\" \/>\n<meta property=\"og:description\" content=\"Kaj je hipnoterapija? Hipnoterapija je u\u010dinkovita metoda, ki vam lahko pomaga pri re\u0161evanju razli\u010dnih te\u017eav in izbolj\u0161anju kakovosti \u017eivljenja. \u010ce se spopadate s tesnobo, stresom, slabimi navadami ali drugimi te\u017eavami, je hipnoterapija prava izbira za vas. Hipnoterapija temelji na komunikaciji s podzavestnim umom, ki igra pomembno vlogo pri na\u0161em na\u010dinu razmi\u0161ljanja, vedenju in \u010dustvovanju. Skozi &hellip; Hipnoterapija Weiterlesen &raquo;\" \/>\n<meta property=\"og:url\" content=\"https:\/\/hipnoterapija-ceh.si\/de\/hipnoterapija\/\" \/>\n<meta property=\"og:site_name\" content=\"Hipnoterapija \u010ceh\" \/>\n<meta property=\"article:modified_time\" content=\"2023-05-16T19:42:42+00:00\" \/>\n<meta property=\"og:image\" content=\"https:\/\/hipnoterapija-ceh.si\/wp-content\/uploads\/2023\/04\/slikahipnoza.jpg\" \/>\n<meta name=\"twitter:card\" content=\"summary_large_image\" \/>\n<meta name=\"twitter:label1\" content=\"Gesch\u00e4tzte Lesezeit\" \/>\n\t<meta name=\"twitter:data1\" content=\"2\u00a0Minuten\" \/>\n<script type=\"application\/ld+json\" class=\"yoast-schema-graph\">{\"@context\":\"https:\/\/schema.org\",\"@graph\":[{\"@type\":\"WebPage\",\"@id\":\"https:\/\/hipnoterapija-ceh.si\/hipnoterapija\/\",\"url\":\"https:\/\/hipnoterapija-ceh.si\/hipnoterapija\/\",\"name\":\"Hipnoterapija - Hipnoterapija \u010ceh\",\"isPartOf\":{\"@id\":\"https:\/\/hipnoterapija-ceh.si\/#website\"},\"datePublished\":\"2023-04-05T14:31:23+00:00\",\"dateModified\":\"2023-05-16T19:42:42+00:00\",\"breadcrumb\":{\"@id\":\"https:\/\/hipnoterapija-ceh.si\/hipnoterapija\/#breadcrumb\"},\"inLanguage\":\"de\",\"potentialAction\":[{\"@type\":\"ReadAction\",\"target\":[\"https:\/\/hipnoterapija-ceh.si\/hipnoterapija\/\"]}]},{\"@type\":\"BreadcrumbList\",\"@id\":\"https:\/\/hipnoterapija-ceh.si\/hipnoterapija\/#breadcrumb\",\"itemListElement\":[{\"@type\":\"ListItem\",\"position\":1,\"name\":\"Home\",\"item\":\"https:\/\/hipnoterapija-ceh.si\/\"},{\"@type\":\"ListItem\",\"position\":2,\"name\":\"Hipnoterapija\"}]},{\"@type\":\"WebSite\",\"@id\":\"https:\/\/hipnoterapija-ceh.si\/#website\",\"url\":\"https:\/\/hipnoterapija-ceh.si\/\",\"name\":\"Hipnoterapija \u010ceh\",\"description\":\"My WordPress Blog\",\"publisher\":{\"@id\":\"https:\/\/hipnoterapija-ceh.si\/#\/schema\/person\/e66556cfeac1f8dffc98016b3f83b7e3\"},\"potentialAction\":[{\"@type\":\"SearchAction\",\"target\":{\"@type\":\"EntryPoint\",\"urlTemplate\":\"https:\/\/hipnoterapija-ceh.si\/?s={search_term_string}\"},\"query-input\":\"required name=search_term_string\"}],\"inLanguage\":\"de\"},{\"@type\":[\"Person\",\"Organization\"],\"@id\":\"https:\/\/hipnoterapija-ceh.si\/#\/schema\/person\/e66556cfeac1f8dffc98016b3f83b7e3\",\"name\":\"hipnoterapija-ceh\",\"image\":{\"@type\":\"ImageObject\",\"inLanguage\":\"de\",\"@id\":\"https:\/\/hipnoterapija-ceh.si\/#\/schema\/person\/image\/\",\"url\":\"https:\/\/hipnoterapija-ceh.si\/wp-content\/uploads\/2023\/05\/AleksandraLogo.png\",\"contentUrl\":\"https:\/\/hipnoterapija-ceh.si\/wp-content\/uploads\/2023\/05\/AleksandraLogo.png\",\"width\":175,\"height\":166,\"caption\":\"hipnoterapija-ceh\"},\"logo\":{\"@id\":\"https:\/\/hipnoterapija-ceh.si\/#\/schema\/person\/image\/\"},\"sameAs\":[\"https:\/\/hipnoterapija-ceh.si\"]}]}<\/script>\n<!-- \/ Yoast SEO plugin. -->","yoast_head_json":{"title":"Hipnoterapija - Hipnoterapija \u010ceh","robots":{"index":"index","follow":"follow","max-snippet":"max-snippet:-1","max-image-preview":"max-image-preview:large","max-video-preview":"max-video-preview:-1"},"canonical":"https:\/\/hipnoterapija-ceh.si\/de\/hipnoterapija\/","og_locale":"de_DE","og_type":"article","og_title":"Hipnoterapija - Hipnoterapija \u010ceh","og_description":"Kaj je hipnoterapija? Hipnoterapija je u\u010dinkovita metoda, ki vam lahko pomaga pri re\u0161evanju razli\u010dnih te\u017eav in izbolj\u0161anju kakovosti \u017eivljenja. \u010ce se spopadate s tesnobo, stresom, slabimi navadami ali drugimi te\u017eavami, je hipnoterapija prava izbira za vas. Hipnoterapija temelji na komunikaciji s podzavestnim umom, ki igra pomembno vlogo pri na\u0161em na\u010dinu razmi\u0161ljanja, vedenju in \u010dustvovanju. Skozi &hellip; Hipnoterapija Weiterlesen &raquo;","og_url":"https:\/\/hipnoterapija-ceh.si\/de\/hipnoterapija\/","og_site_name":"Hipnoterapija \u010ceh","article_modified_time":"2023-05-16T19:42:42+00:00","og_image":[{"url":"https:\/\/hipnoterapija-ceh.si\/wp-content\/uploads\/2023\/04\/slikahipnoza.jpg"}],"twitter_card":"summary_large_image","twitter_misc":{"Gesch\u00e4tzte Lesezeit":"2\u00a0Minuten"},"schema":{"@context":"https:\/\/schema.org","@graph":[{"@type":"WebPage","@id":"https:\/\/hipnoterapija-ceh.si\/hipnoterapija\/","url":"https:\/\/hipnoterapija-ceh.si\/hipnoterapija\/","name":"Hipnoterapija - Hipnoterapija \u010ceh","isPartOf":{"@id":"https:\/\/hipnoterapija-ceh.si\/#website"},"datePublished":"2023-04-05T14:31:23+00:00","dateModified":"2023-05-16T19:42:42+00:00","breadcrumb":{"@id":"https:\/\/hipnoterapija-ceh.si\/hipnoterapija\/#breadcrumb"},"inLanguage":"de","potentialAction":[{"@type":"ReadAction","target":["https:\/\/hipnoterapija-ceh.si\/hipnoterapija\/"]}]},{"@type":"BreadcrumbList","@id":"https:\/\/hipnoterapija-ceh.si\/hipnoterapija\/#breadcrumb","itemListElement":[{"@type":"ListItem","position":1,"name":"Home","item":"https:\/\/hipnoterapija-ceh.si\/"},{"@type":"ListItem","position":2,"name":"Hipnoterapija"}]},{"@type":"WebSite","@id":"https:\/\/hipnoterapija-ceh.si\/#website","url":"https:\/\/hipnoterapija-ceh.si\/","name":"Hipnoterapija \u010ceh","description":"My WordPress Blog","publisher":{"@id":"https:\/\/hipnoterapija-ceh.si\/#\/schema\/person\/e66556cfeac1f8dffc98016b3f83b7e3"},"potentialAction":[{"@type":"SearchAction","target":{"@type":"EntryPoint","urlTemplate":"https:\/\/hipnoterapija-ceh.si\/?s={search_term_string}"},"query-input":"required name=search_term_string"}],"inLanguage":"de"},{"@type":["Person","Organization"],"@id":"https:\/\/hipnoterapija-ceh.si\/#\/schema\/person\/e66556cfeac1f8dffc98016b3f83b7e3","name":"hipnoterapija-ceh","image":{"@type":"ImageObject","inLanguage":"de","@id":"https:\/\/hipnoterapija-ceh.si\/#\/schema\/person\/image\/","url":"https:\/\/hipnoterapija-ceh.si\/wp-content\/uploads\/2023\/05\/AleksandraLogo.png","contentUrl":"https:\/\/hipnoterapija-ceh.si\/wp-content\/uploads\/2023\/05\/AleksandraLogo.png","width":175,"height":166,"caption":"hipnoterapija-ceh"},"logo":{"@id":"https:\/\/hipnoterapija-ceh.si\/#\/schema\/person\/image\/"},"sameAs":["https:\/\/hipnoterapija-ceh.si"]}]}},"_links":{"self":[{"href":"https:\/\/hipnoterapija-ceh.si\/de\/wp-json\/wp\/v2\/pages\/1450","targetHints":{"allow":["GET"]}}],"collection":[{"href":"https:\/\/hipnoterapija-ceh.si\/de\/wp-json\/wp\/v2\/pages"}],"about":[{"href":"https:\/\/hipnoterapija-ceh.si\/de\/wp-json\/wp\/v2\/types\/page"}],"author":[{"embeddable":true,"href":"https:\/\/hipnoterapija-ceh.si\/de\/wp-json\/wp\/v2\/users\/1"}],"replies":[{"embeddable":true,"href":"https:\/\/hipnoterapija-ceh.si\/de\/wp-json\/wp\/v2\/comments?post=1450"}],"version-history":[{"count":6,"href":"https:\/\/hipnoterapija-ceh.si\/de\/wp-json\/wp\/v2\/pages\/1450\/revisions"}],"predecessor-version":[{"id":1587,"href":"https:\/\/hipnoterapija-ceh.si\/de\/wp-json\/wp\/v2\/pages\/1450\/revisions\/1587"}],"wp:attachment":[{"href":"https:\/\/hipnoterapija-ceh.si\/de\/wp-json\/wp\/v2\/media?parent=1450"}],"curies":[{"name":"wp","href":"https:\/\/api.w.org\/{rel}","templated":true}]}}