{"id":1356,"date":"2021-02-02T08:21:45","date_gmt":"2021-02-02T08:21:45","guid":{"rendered":"https:\/\/hipnoterapija-ceh.si\/about\/"},"modified":"2023-05-16T19:44:20","modified_gmt":"2023-05-16T19:44:20","slug":"o-meni","status":"publish","type":"page","link":"https:\/\/hipnoterapija-ceh.si\/de\/o-meni\/","title":{"rendered":"\u00dcber mich"},"content":{"rendered":"<div data-elementor-type=\"wp-page\" data-elementor-id=\"1356\" class=\"elementor elementor-1356\">\n\t\t\t\t\t\t\t\t\t<section class=\"elementor-section elementor-top-section elementor-element elementor-element-7dca056 elementor-section-height-min-height elementor-section-boxed elementor-section-height-default elementor-section-items-middle\" data-id=\"7dca056\" data-element_type=\"section\" data-settings=\"{&quot;background_background&quot;:&quot;classic&quot;,&quot;jet_parallax_layout_list&quot;:[]}\">\n\t\t\t\t\t\t<div class=\"elementor-container elementor-column-gap-no\">\n\t\t\t\t\t<div class=\"elementor-column elementor-col-100 elementor-top-column elementor-element elementor-element-3d6b208\" data-id=\"3d6b208\" data-element_type=\"column\">\n\t\t\t<div class=\"elementor-widget-wrap elementor-element-populated\">\n\t\t\t\t\t\t\t\t<div class=\"elementor-element elementor-element-66e834c elementor-widget elementor-widget-heading\" data-id=\"66e834c\" data-element_type=\"widget\" data-widget_type=\"heading.default\">\n\t\t\t\t<div class=\"elementor-widget-container\">\n\t\t\t<style>\/*! elementor - v3.17.0 - 25-10-2023 *\/\n.elementor-heading-title{padding:0;margin:0;line-height:1}.elementor-widget-heading .elementor-heading-title[class*=elementor-size-]>a{color:inherit;font-size:inherit;line-height:inherit}.elementor-widget-heading .elementor-heading-title.elementor-size-small{font-size:15px}.elementor-widget-heading .elementor-heading-title.elementor-size-medium{font-size:19px}.elementor-widget-heading .elementor-heading-title.elementor-size-large{font-size:29px}.elementor-widget-heading .elementor-heading-title.elementor-size-xl{font-size:39px}.elementor-widget-heading .elementor-heading-title.elementor-size-xxl{font-size:59px}<\/style><h2 class=\"elementor-heading-title elementor-size-default\">\u00dcber mich<\/h2>\t\t<\/div>\n\t\t\t\t<\/div>\n\t\t\t\t<div class=\"elementor-element elementor-element-d0ecb80 elementor-widget-divider--view-line elementor-widget elementor-widget-divider\" data-id=\"d0ecb80\" data-element_type=\"widget\" data-widget_type=\"divider.default\">\n\t\t\t\t<div class=\"elementor-widget-container\">\n\t\t\t<style>\/*! elementor - v3.17.0 - 25-10-2023 *\/\n.elementor-widget-divider{--divider-border-style:none;--divider-border-width:1px;--divider-color:#0c0d0e;--divider-icon-size:20px;--divider-element-spacing:10px;--divider-pattern-height:24px;--divider-pattern-size:20px;--divider-pattern-url:none;--divider-pattern-repeat:repeat-x}.elementor-widget-divider .elementor-divider{display:flex}.elementor-widget-divider .elementor-divider__text{font-size:15px;line-height:1;max-width:95%}.elementor-widget-divider .elementor-divider__element{margin:0 var(--divider-element-spacing);flex-shrink:0}.elementor-widget-divider .elementor-icon{font-size:var(--divider-icon-size)}.elementor-widget-divider .elementor-divider-separator{display:flex;margin:0;direction:ltr}.elementor-widget-divider--view-line_icon .elementor-divider-separator,.elementor-widget-divider--view-line_text .elementor-divider-separator{align-items:center}.elementor-widget-divider--view-line_icon .elementor-divider-separator:after,.elementor-widget-divider--view-line_icon .elementor-divider-separator:before,.elementor-widget-divider--view-line_text .elementor-divider-separator:after,.elementor-widget-divider--view-line_text .elementor-divider-separator:before{display:block;content:\"\";border-bottom:0;flex-grow:1;border-top:var(--divider-border-width) var(--divider-border-style) var(--divider-color)}.elementor-widget-divider--element-align-left .elementor-divider .elementor-divider-separator>.elementor-divider__svg:first-of-type{flex-grow:0;flex-shrink:100}.elementor-widget-divider--element-align-left .elementor-divider-separator:before{content:none}.elementor-widget-divider--element-align-left .elementor-divider__element{margin-left:0}.elementor-widget-divider--element-align-right .elementor-divider .elementor-divider-separator>.elementor-divider__svg:last-of-type{flex-grow:0;flex-shrink:100}.elementor-widget-divider--element-align-right .elementor-divider-separator:after{content:none}.elementor-widget-divider--element-align-right .elementor-divider__element{margin-right:0}.elementor-widget-divider:not(.elementor-widget-divider--view-line_text):not(.elementor-widget-divider--view-line_icon) .elementor-divider-separator{border-top:var(--divider-border-width) var(--divider-border-style) var(--divider-color)}.elementor-widget-divider--separator-type-pattern{--divider-border-style:none}.elementor-widget-divider--separator-type-pattern.elementor-widget-divider--view-line .elementor-divider-separator,.elementor-widget-divider--separator-type-pattern:not(.elementor-widget-divider--view-line) .elementor-divider-separator:after,.elementor-widget-divider--separator-type-pattern:not(.elementor-widget-divider--view-line) .elementor-divider-separator:before,.elementor-widget-divider--separator-type-pattern:not([class*=elementor-widget-divider--view]) .elementor-divider-separator{width:100%;min-height:var(--divider-pattern-height);-webkit-mask-size:var(--divider-pattern-size) 100%;mask-size:var(--divider-pattern-size) 100%;-webkit-mask-repeat:var(--divider-pattern-repeat);mask-repeat:var(--divider-pattern-repeat);background-color:var(--divider-color);-webkit-mask-image:var(--divider-pattern-url);mask-image:var(--divider-pattern-url)}.elementor-widget-divider--no-spacing{--divider-pattern-size:auto}.elementor-widget-divider--bg-round{--divider-pattern-repeat:round}.rtl .elementor-widget-divider .elementor-divider__text{direction:rtl}.e-con-inner>.elementor-widget-divider,.e-con>.elementor-widget-divider{width:var(--container-widget-width,100%);--flex-grow:var(--container-widget-flex-grow)}<\/style>\t\t<div class=\"elementor-divider\">\n\t\t\t<span class=\"elementor-divider-separator\">\n\t\t\t\t\t\t<\/span>\n\t\t<\/div>\n\t\t\t\t<\/div>\n\t\t\t\t<\/div>\n\t\t\t\t\t<\/div>\n\t\t<\/div>\n\t\t\t\t\t\t\t<\/div>\n\t\t<\/section>\n\t\t\t\t<section class=\"elementor-section elementor-top-section elementor-element elementor-element-4130c40 elementor-section-boxed elementor-section-height-default elementor-section-height-default\" data-id=\"4130c40\" data-element_type=\"section\" data-settings=\"{&quot;background_background&quot;:&quot;classic&quot;,&quot;jet_parallax_layout_list&quot;:[]}\">\n\t\t\t\t\t\t<div class=\"elementor-container elementor-column-gap-no\">\n\t\t\t\t\t<div class=\"elementor-column elementor-col-33 elementor-top-column elementor-element elementor-element-1a4e914\" data-id=\"1a4e914\" data-element_type=\"column\" data-settings=\"{&quot;background_background&quot;:&quot;classic&quot;}\">\n\t\t\t<div class=\"elementor-widget-wrap elementor-element-populated\">\n\t\t\t\t\t\t\t\t<div class=\"elementor-element elementor-element-b3d6d32 elementor-widget elementor-widget-image\" data-id=\"b3d6d32\" data-element_type=\"widget\" data-widget_type=\"image.default\">\n\t\t\t\t<div class=\"elementor-widget-container\">\n\t\t\t<style>\/*! elementor - v3.17.0 - 25-10-2023 *\/\n.elementor-widget-image{text-align:center}.elementor-widget-image a{display:inline-block}.elementor-widget-image a img[src$=\".svg\"]{width:48px}.elementor-widget-image img{vertical-align:middle;display:inline-block}<\/style>\t\t\t\t\t\t\t\t\t\t\t\t<img decoding=\"async\" width=\"214\" height=\"304\" src=\"https:\/\/hipnoterapija-ceh.si\/wp-content\/uploads\/2023\/04\/SLIKA-JAZ.jpg\" class=\"attachment-full size-full wp-image-1401\" alt=\"Hipnoterapija \u010ceh\" srcset=\"https:\/\/hipnoterapija-ceh.si\/wp-content\/uploads\/2023\/04\/SLIKA-JAZ.jpg 214w, https:\/\/hipnoterapija-ceh.si\/wp-content\/uploads\/2023\/04\/SLIKA-JAZ-211x300.jpg 211w\" sizes=\"(max-width: 214px) 100vw, 214px\" \/>\t\t\t\t\t\t\t\t\t\t\t\t\t\t\t<\/div>\n\t\t\t\t<\/div>\n\t\t\t\t\t<\/div>\n\t\t<\/div>\n\t\t\t\t<div class=\"elementor-column elementor-col-33 elementor-top-column elementor-element elementor-element-572841d\" data-id=\"572841d\" data-element_type=\"column\">\n\t\t\t<div class=\"elementor-widget-wrap elementor-element-populated\">\n\t\t\t\t\t\t\t\t<div class=\"elementor-element elementor-element-de89e1a elementor-widget elementor-widget-heading\" data-id=\"de89e1a\" data-element_type=\"widget\" data-widget_type=\"heading.default\">\n\t\t\t\t<div class=\"elementor-widget-container\">\n\t\t\t<h5 class=\"elementor-heading-title elementor-size-default\">Aleksandra \u010ceh<\/h5>\t\t<\/div>\n\t\t\t\t<\/div>\n\t\t\t\t<div class=\"elementor-element elementor-element-81bd81a elementor-widget-divider--view-line elementor-widget elementor-widget-divider\" data-id=\"81bd81a\" data-element_type=\"widget\" data-widget_type=\"divider.default\">\n\t\t\t\t<div class=\"elementor-widget-container\">\n\t\t\t\t\t<div class=\"elementor-divider\">\n\t\t\t<span class=\"elementor-divider-separator\">\n\t\t\t\t\t\t<\/span>\n\t\t<\/div>\n\t\t\t\t<\/div>\n\t\t\t\t<\/div>\n\t\t\t\t<div class=\"elementor-element elementor-element-1aa2a02 elementor-widget elementor-widget-text-editor\" data-id=\"1aa2a02\" data-element_type=\"widget\" data-widget_type=\"text-editor.default\">\n\t\t\t\t<div class=\"elementor-widget-container\">\n\t\t\t<style>\/*! elementor - v3.17.0 - 25-10-2023 *\/\n.elementor-widget-text-editor.elementor-drop-cap-view-stacked .elementor-drop-cap{background-color:#69727d;color:#fff}.elementor-widget-text-editor.elementor-drop-cap-view-framed .elementor-drop-cap{color:#69727d;border:3px solid;background-color:transparent}.elementor-widget-text-editor:not(.elementor-drop-cap-view-default) .elementor-drop-cap{margin-top:8px}.elementor-widget-text-editor:not(.elementor-drop-cap-view-default) .elementor-drop-cap-letter{width:1em;height:1em}.elementor-widget-text-editor .elementor-drop-cap{float:left;text-align:center;line-height:1;font-size:50px}.elementor-widget-text-editor .elementor-drop-cap-letter{display:inline-block}<\/style>\t\t\t\t<p>Mein Name ist Aleksandra \u010ceh und ich bin zertifizierte Hypnotherapeutin, Hypnosepraktikerin,\nPraktikerin f\u00fcr neurolinguistische Programmierung, Beraterin f\u00fcr pers\u00f6nliches Wachstum.<\/p>\t\t\t\t\t\t<\/div>\n\t\t\t\t<\/div>\n\t\t\t\t<div class=\"elementor-element elementor-element-bef1564 elementor-widget elementor-widget-text-editor\" data-id=\"bef1564\" data-element_type=\"widget\" data-widget_type=\"text-editor.default\">\n\t\t\t\t<div class=\"elementor-widget-container\">\n\t\t\t\t\t\t\t<p>Auch ich erlebte viele Herausforderungen und St\u00fcrze auf meinem Weg. Aber ich habe mich immer wieder aufgerappelt und bin weitergezogen. Meine Mutter hat mir immer gesagt, wenn andere es schaffen, warum kannst du es es nicht. Dieser Satz begleitet mich noch immer und hilft mir alle Hindernisse zu \u00fcberwinden. Ich kann es tun. Manchmal mache ich nur kleine Schritte und manchmal mache ich gro\u00dfe Schritte. Ich glaube, dass wir alle toll sind und dass wir aus einem bestimmten Grund auf diesen Planeten gebracht wurden.Jeden Tag lerne ich, mich selbst zu lieben, w\u00fcrdig zu sein. Es ist eine lebenslange Schule. Deshalb habe ich mich entschieden, anderen zu helfen.<\/p>\t\t\t\t\t\t<\/div>\n\t\t\t\t<\/div>\n\t\t\t\t\t<\/div>\n\t\t<\/div>\n\t\t\t\t<div class=\"elementor-column elementor-col-33 elementor-top-column elementor-element elementor-element-04080f3\" data-id=\"04080f3\" data-element_type=\"column\">\n\t\t\t<div class=\"elementor-widget-wrap elementor-element-populated\">\n\t\t\t\t\t\t\t\t<div class=\"elementor-element elementor-element-213200c elementor-widget elementor-widget-heading\" data-id=\"213200c\" data-element_type=\"widget\" data-widget_type=\"heading.default\">\n\t\t\t\t<div class=\"elementor-widget-container\">\n\t\t\t<h5 class=\"elementor-heading-title elementor-size-default\">JEDER NEUER TAG ERM\u00d6GLICHT NEUE GELEGENHEITEN<\/h5>\t\t<\/div>\n\t\t\t\t<\/div>\n\t\t\t\t<div class=\"elementor-element elementor-element-8e07fc0 elementor-widget-divider--view-line elementor-widget elementor-widget-divider\" data-id=\"8e07fc0\" data-element_type=\"widget\" data-widget_type=\"divider.default\">\n\t\t\t\t<div class=\"elementor-widget-container\">\n\t\t\t\t\t<div class=\"elementor-divider\">\n\t\t\t<span class=\"elementor-divider-separator\">\n\t\t\t\t\t\t<\/span>\n\t\t<\/div>\n\t\t\t\t<\/div>\n\t\t\t\t<\/div>\n\t\t\t\t<div class=\"elementor-element elementor-element-8bdb6ff elementor-widget elementor-widget-text-editor\" data-id=\"8bdb6ff\" data-element_type=\"widget\" data-widget_type=\"text-editor.default\">\n\t\t\t\t<div class=\"elementor-widget-container\">\n\t\t\t\t\t\t\t<p>Das Leben ist ein kurzes und kostbares Geschenk, also ist es wichtig, das Beste daraus zu machen. Jeder Tag sollte eine Gelegenheit sein, zu lernen, zu wachsen und sich zu entwickeln und unsere Leidenschaften und Talente auszudr\u00fccken. Jeder Tag ist eine Gelegenheit f\u00fcr neue Anf\u00e4nge. Ich glaube, dass wir alles erreichen k\u00f6nnen, was wir wollen, wenn wir an uns glauben. Wir setzen unsere eigenen Grenzen ein indem wir sagen: \u00bbDas ist zu schwer. Das schaffe ich nicht\u00ab. Die Grenzen sind nur in unserem Kopf. Das k\u00f6nnen wir ver\u00e4ndern. In uns steckt eine ungeheure Kraft.<\/p>\t\t\t\t\t\t<\/div>\n\t\t\t\t<\/div>\n\t\t\t\t<div class=\"elementor-element elementor-element-be9c19e elementor-widget elementor-widget-text-editor\" data-id=\"be9c19e\" data-element_type=\"widget\" data-widget_type=\"text-editor.default\">\n\t\t\t\t<div class=\"elementor-widget-container\">\n\t\t\t\t\t\t\t<p>Glaubst du es nicht? Dann gib mir deine Hand und wir machen gemeinsam den ersten Schritt. Ich glaube an dich!<\/p>\t\t\t\t\t\t<\/div>\n\t\t\t\t<\/div>\n\t\t\t\t\t<\/div>\n\t\t<\/div>\n\t\t\t\t\t\t\t<\/div>\n\t\t<\/section>\n\t\t\t\t\t\t\t<\/div>","protected":false},"excerpt":{"rendered":"<p>O Meni Aleksandra \u010ceh Certificirana hipnoterapevtka, praktik hipnoze, praktik nevrolingvisti\u010dnega programiranja, svetovalka za osebno rast. Tudi jaz sem do\u017eivela na svoji poti veliko izzivov in padcev. Ampak vedno sem se pobrala in \u0161la naprej. Moja mami mi je vedno govorila, \u010de je drugim uspelo, potem zakaj ne bi meni. To je bila in je \u0161e &hellip;<\/p>\n<p class=\"read-more\"> <a class=\"\" href=\"https:\/\/hipnoterapija-ceh.si\/de\/o-meni\/\"> <span class=\"screen-reader-text\">\u00dcber mich<\/span> Weiterlesen &raquo;<\/a><\/p>","protected":false},"author":1,"featured_media":0,"parent":0,"menu_order":0,"comment_status":"closed","ping_status":"closed","template":"elementor_header_footer","meta":{"site-sidebar-layout":"no-sidebar","site-content-layout":"page-builder","ast-global-header-display":"","ast-main-header-display":"","ast-hfb-above-header-display":"","ast-hfb-below-header-display":"","ast-hfb-mobile-header-display":"","site-post-title":"disabled","ast-breadcrumbs-content":"disabled","ast-featured-img":"disabled","footer-sml-layout":"","theme-transparent-header-meta":"enabled","adv-header-id-meta":"","stick-header-meta":"","header-above-stick-meta":"","header-main-stick-meta":"","header-below-stick-meta":"","footnotes":""},"class_list":["post-1356","page","type-page","status-publish","hentry"],"yoast_head":"<!-- This site is optimized with the Yoast SEO plugin v21.4 - https:\/\/yoast.com\/wordpress\/plugins\/seo\/ -->\n<title>O meni - Hipnoterapija \u010ceh<\/title>\n<meta name=\"robots\" content=\"index, follow, max-snippet:-1, max-image-preview:large, max-video-preview:-1\" \/>\n<link rel=\"canonical\" href=\"https:\/\/hipnoterapija-ceh.si\/de\/o-meni\/\" \/>\n<meta property=\"og:locale\" content=\"de_DE\" \/>\n<meta property=\"og:type\" content=\"article\" \/>\n<meta property=\"og:title\" content=\"O meni - Hipnoterapija \u010ceh\" \/>\n<meta property=\"og:description\" content=\"O Meni Aleksandra \u010ceh Certificirana hipnoterapevtka, praktik hipnoze, praktik nevrolingvisti\u010dnega programiranja, svetovalka za osebno rast. Tudi jaz sem do\u017eivela na svoji poti veliko izzivov in padcev. Ampak vedno sem se pobrala in \u0161la naprej. Moja mami mi je vedno govorila, \u010de je drugim uspelo, potem zakaj ne bi meni. To je bila in je \u0161e &hellip; O meni Weiterlesen &raquo;\" \/>\n<meta property=\"og:url\" content=\"https:\/\/hipnoterapija-ceh.si\/de\/o-meni\/\" \/>\n<meta property=\"og:site_name\" content=\"Hipnoterapija \u010ceh\" \/>\n<meta property=\"article:modified_time\" content=\"2023-05-16T19:44:20+00:00\" \/>\n<meta property=\"og:image\" content=\"https:\/\/hipnoterapija-ceh.si\/wp-content\/uploads\/2023\/04\/SLIKA-JAZ.jpg\" \/>\n<meta name=\"twitter:card\" content=\"summary_large_image\" \/>\n<meta name=\"twitter:label1\" content=\"Gesch\u00e4tzte Lesezeit\" \/>\n\t<meta name=\"twitter:data1\" content=\"2\u00a0Minuten\" \/>\n<script type=\"application\/ld+json\" class=\"yoast-schema-graph\">{\"@context\":\"https:\/\/schema.org\",\"@graph\":[{\"@type\":\"WebPage\",\"@id\":\"https:\/\/hipnoterapija-ceh.si\/o-meni\/\",\"url\":\"https:\/\/hipnoterapija-ceh.si\/o-meni\/\",\"name\":\"O meni - Hipnoterapija \u010ceh\",\"isPartOf\":{\"@id\":\"https:\/\/hipnoterapija-ceh.si\/#website\"},\"datePublished\":\"2021-02-02T08:21:45+00:00\",\"dateModified\":\"2023-05-16T19:44:20+00:00\",\"breadcrumb\":{\"@id\":\"https:\/\/hipnoterapija-ceh.si\/o-meni\/#breadcrumb\"},\"inLanguage\":\"de\",\"potentialAction\":[{\"@type\":\"ReadAction\",\"target\":[\"https:\/\/hipnoterapija-ceh.si\/o-meni\/\"]}]},{\"@type\":\"BreadcrumbList\",\"@id\":\"https:\/\/hipnoterapija-ceh.si\/o-meni\/#breadcrumb\",\"itemListElement\":[{\"@type\":\"ListItem\",\"position\":1,\"name\":\"Home\",\"item\":\"https:\/\/hipnoterapija-ceh.si\/\"},{\"@type\":\"ListItem\",\"position\":2,\"name\":\"O meni\"}]},{\"@type\":\"WebSite\",\"@id\":\"https:\/\/hipnoterapija-ceh.si\/#website\",\"url\":\"https:\/\/hipnoterapija-ceh.si\/\",\"name\":\"Hipnoterapija \u010ceh\",\"description\":\"My WordPress Blog\",\"publisher\":{\"@id\":\"https:\/\/hipnoterapija-ceh.si\/#\/schema\/person\/e66556cfeac1f8dffc98016b3f83b7e3\"},\"potentialAction\":[{\"@type\":\"SearchAction\",\"target\":{\"@type\":\"EntryPoint\",\"urlTemplate\":\"https:\/\/hipnoterapija-ceh.si\/?s={search_term_string}\"},\"query-input\":\"required name=search_term_string\"}],\"inLanguage\":\"de\"},{\"@type\":[\"Person\",\"Organization\"],\"@id\":\"https:\/\/hipnoterapija-ceh.si\/#\/schema\/person\/e66556cfeac1f8dffc98016b3f83b7e3\",\"name\":\"hipnoterapija-ceh\",\"image\":{\"@type\":\"ImageObject\",\"inLanguage\":\"de\",\"@id\":\"https:\/\/hipnoterapija-ceh.si\/#\/schema\/person\/image\/\",\"url\":\"https:\/\/hipnoterapija-ceh.si\/wp-content\/uploads\/2023\/05\/AleksandraLogo.png\",\"contentUrl\":\"https:\/\/hipnoterapija-ceh.si\/wp-content\/uploads\/2023\/05\/AleksandraLogo.png\",\"width\":175,\"height\":166,\"caption\":\"hipnoterapija-ceh\"},\"logo\":{\"@id\":\"https:\/\/hipnoterapija-ceh.si\/#\/schema\/person\/image\/\"},\"sameAs\":[\"https:\/\/hipnoterapija-ceh.si\"]}]}<\/script>\n<!-- \/ Yoast SEO plugin. -->","yoast_head_json":{"title":"O meni - Hipnoterapija \u010ceh","robots":{"index":"index","follow":"follow","max-snippet":"max-snippet:-1","max-image-preview":"max-image-preview:large","max-video-preview":"max-video-preview:-1"},"canonical":"https:\/\/hipnoterapija-ceh.si\/de\/o-meni\/","og_locale":"de_DE","og_type":"article","og_title":"O meni - Hipnoterapija \u010ceh","og_description":"O Meni Aleksandra \u010ceh Certificirana hipnoterapevtka, praktik hipnoze, praktik nevrolingvisti\u010dnega programiranja, svetovalka za osebno rast. Tudi jaz sem do\u017eivela na svoji poti veliko izzivov in padcev. Ampak vedno sem se pobrala in \u0161la naprej. Moja mami mi je vedno govorila, \u010de je drugim uspelo, potem zakaj ne bi meni. To je bila in je \u0161e &hellip; O meni Weiterlesen &raquo;","og_url":"https:\/\/hipnoterapija-ceh.si\/de\/o-meni\/","og_site_name":"Hipnoterapija \u010ceh","article_modified_time":"2023-05-16T19:44:20+00:00","og_image":[{"url":"https:\/\/hipnoterapija-ceh.si\/wp-content\/uploads\/2023\/04\/SLIKA-JAZ.jpg"}],"twitter_card":"summary_large_image","twitter_misc":{"Gesch\u00e4tzte Lesezeit":"2\u00a0Minuten"},"schema":{"@context":"https:\/\/schema.org","@graph":[{"@type":"WebPage","@id":"https:\/\/hipnoterapija-ceh.si\/o-meni\/","url":"https:\/\/hipnoterapija-ceh.si\/o-meni\/","name":"O meni - Hipnoterapija \u010ceh","isPartOf":{"@id":"https:\/\/hipnoterapija-ceh.si\/#website"},"datePublished":"2021-02-02T08:21:45+00:00","dateModified":"2023-05-16T19:44:20+00:00","breadcrumb":{"@id":"https:\/\/hipnoterapija-ceh.si\/o-meni\/#breadcrumb"},"inLanguage":"de","potentialAction":[{"@type":"ReadAction","target":["https:\/\/hipnoterapija-ceh.si\/o-meni\/"]}]},{"@type":"BreadcrumbList","@id":"https:\/\/hipnoterapija-ceh.si\/o-meni\/#breadcrumb","itemListElement":[{"@type":"ListItem","position":1,"name":"Home","item":"https:\/\/hipnoterapija-ceh.si\/"},{"@type":"ListItem","position":2,"name":"O meni"}]},{"@type":"WebSite","@id":"https:\/\/hipnoterapija-ceh.si\/#website","url":"https:\/\/hipnoterapija-ceh.si\/","name":"Hipnoterapija \u010ceh","description":"My WordPress Blog","publisher":{"@id":"https:\/\/hipnoterapija-ceh.si\/#\/schema\/person\/e66556cfeac1f8dffc98016b3f83b7e3"},"potentialAction":[{"@type":"SearchAction","target":{"@type":"EntryPoint","urlTemplate":"https:\/\/hipnoterapija-ceh.si\/?s={search_term_string}"},"query-input":"required name=search_term_string"}],"inLanguage":"de"},{"@type":["Person","Organization"],"@id":"https:\/\/hipnoterapija-ceh.si\/#\/schema\/person\/e66556cfeac1f8dffc98016b3f83b7e3","name":"hipnoterapija-ceh","image":{"@type":"ImageObject","inLanguage":"de","@id":"https:\/\/hipnoterapija-ceh.si\/#\/schema\/person\/image\/","url":"https:\/\/hipnoterapija-ceh.si\/wp-content\/uploads\/2023\/05\/AleksandraLogo.png","contentUrl":"https:\/\/hipnoterapija-ceh.si\/wp-content\/uploads\/2023\/05\/AleksandraLogo.png","width":175,"height":166,"caption":"hipnoterapija-ceh"},"logo":{"@id":"https:\/\/hipnoterapija-ceh.si\/#\/schema\/person\/image\/"},"sameAs":["https:\/\/hipnoterapija-ceh.si"]}]}},"_links":{"self":[{"href":"https:\/\/hipnoterapija-ceh.si\/de\/wp-json\/wp\/v2\/pages\/1356","targetHints":{"allow":["GET"]}}],"collection":[{"href":"https:\/\/hipnoterapija-ceh.si\/de\/wp-json\/wp\/v2\/pages"}],"about":[{"href":"https:\/\/hipnoterapija-ceh.si\/de\/wp-json\/wp\/v2\/types\/page"}],"author":[{"embeddable":true,"href":"https:\/\/hipnoterapija-ceh.si\/de\/wp-json\/wp\/v2\/users\/1"}],"replies":[{"embeddable":true,"href":"https:\/\/hipnoterapija-ceh.si\/de\/wp-json\/wp\/v2\/comments?post=1356"}],"version-history":[{"count":9,"href":"https:\/\/hipnoterapija-ceh.si\/de\/wp-json\/wp\/v2\/pages\/1356\/revisions"}],"predecessor-version":[{"id":1593,"href":"https:\/\/hipnoterapija-ceh.si\/de\/wp-json\/wp\/v2\/pages\/1356\/revisions\/1593"}],"wp:attachment":[{"href":"https:\/\/hipnoterapija-ceh.si\/de\/wp-json\/wp\/v2\/media?parent=1356"}],"curies":[{"name":"wp","href":"https:\/\/api.w.org\/{rel}","templated":true}]}}